{"id":139,"date":"2026-03-26T13:58:43","date_gmt":"2026-03-26T13:58:43","guid":{"rendered":"https:\/\/xtellaris.com\/?page_id=139"},"modified":"2026-03-26T13:58:43","modified_gmt":"2026-03-26T13:58:43","slug":"bases-legales-del-sorteo-world-chain-2140","status":"publish","type":"page","link":"https:\/\/xtellaris.com\/es\/bases-legales-del-sorteo-world-chain-2140\/","title":{"rendered":"BASES LEGALES DEL SORTEO \u2013 WORLD CHAIN 2140"},"content":{"rendered":"<p><\/p>\n\n\n\n<hr class=\"wp-block-separator has-alpha-channel-opacity\"\/>\n\n\n\n<p><strong>1. ORGANIZADOR<\/strong><\/p>\n\n\n\n<p>El presente sorteo es organizado por <strong>XTELLARIS<\/strong> (en adelante, el \u201cOrganizador\u201d).<\/p>\n\n\n\n<hr class=\"wp-block-separator has-alpha-channel-opacity\"\/>\n\n\n\n<p><strong>2. OBJETO DEL SORTEO<\/strong><\/p>\n\n\n\n<p>El objeto del presente sorteo es la promoci\u00f3n del evento <strong>World Chain 2140<\/strong>, accesible a trav\u00e9s de su p\u00e1gina oficial: <strong>worldchain2140.com<\/strong>, el cual contar\u00e1 con la participaci\u00f3n de aproximadamente <strong>50 speakers<\/strong>.<\/p>\n\n\n\n<p>Asimismo, la p\u00e1gina oficial del sorteo es: <strong>xtellaris.com\/world<\/strong>.<\/p>\n\n\n\n<hr class=\"wp-block-separator has-alpha-channel-opacity\"\/>\n\n\n\n<p><strong>3. \u00c1MBITO TEMPORAL<\/strong><\/p>\n\n\n\n<p>El periodo de participaci\u00f3n en el sorteo estar\u00e1 abierto hasta el d\u00eda <strong>10 de abril a las 00:00 (hora que determine el Organizador)<\/strong>.<\/p>\n\n\n\n<hr class=\"wp-block-separator has-alpha-channel-opacity\"\/>\n\n\n\n<p><strong>4. REQUISITOS DE PARTICIPACI\u00d3N<\/strong><\/p>\n\n\n\n<p>Podr\u00e1n participar en el sorteo aquellas personas que cumplan con los siguientes requisitos:<\/p>\n\n\n\n<ul class=\"wp-block-list\">\n<li>Ser <strong>mayores de edad<\/strong> en el momento de la participaci\u00f3n.<\/li>\n\n\n\n<li>Haber completado correctamente el <strong>registro habilitado para el sorteo<\/strong>.<\/li>\n\n\n\n<li>Aceptar expresamente las presentes bases legales.<\/li>\n<\/ul>\n\n\n\n<p>El incumplimiento de cualquiera de estos requisitos supondr\u00e1 la exclusi\u00f3n del participante.<\/p>\n\n\n\n<hr class=\"wp-block-separator has-alpha-channel-opacity\"\/>\n\n\n\n<p><strong>5. MEC\u00c1NICA DEL SORTEO<\/strong><\/p>\n\n\n\n<ul class=\"wp-block-list\">\n<li>La participaci\u00f3n se realizar\u00e1 mediante el registro en el formulario oficial habilitado por el Organizador.<\/li>\n\n\n\n<li>Cada participante quedar\u00e1 registrado para el sorteo de premios.<\/li>\n\n\n\n<li>La selecci\u00f3n de los ganadores se realizar\u00e1 de forma aleatoria entre todos los participantes v\u00e1lidos.<\/li>\n<\/ul>\n\n\n\n<hr class=\"wp-block-separator has-alpha-channel-opacity\"\/>\n\n\n\n<p><strong>6. PREMIOS<\/strong><\/p>\n\n\n\n<p>Se otorgar\u00e1n los siguientes premios:<\/p>\n\n\n\n<ul class=\"wp-block-list\">\n<li><strong>1 entrada VIP<\/strong> para el evento World Chain 2140.<\/li>\n\n\n\n<li><strong>25 entradas generales<\/strong> para el evento World Chain 2140.<\/li>\n<\/ul>\n\n\n\n<p>Cada participante podr\u00e1 resultar ganador de un \u00fanico premio.<\/p>\n\n\n\n<hr class=\"wp-block-separator has-alpha-channel-opacity\"\/>\n\n\n\n<p><strong>7. REGALO GARANTIZADO POR PARTICIPACI\u00d3N<\/strong><\/p>\n\n\n\n<p>Todos los participantes que cumplan con los requisitos establecidos recibir\u00e1n un regalo asegurado consistente en:<\/p>\n\n\n\n<ul class=\"wp-block-list\">\n<li>Una <strong>cuenta b\u00e1sica del proyecto IDENQ<\/strong>, que permitir\u00e1:\n<ul class=\"wp-block-list\">\n<li>Proteger frases semilla de hasta <strong>5 wallets de activos digitales<\/strong>.<\/li>\n<\/ul>\n<\/li>\n<\/ul>\n\n\n\n<p>El acceso a dicho regalo podr\u00e1 estar sujeto a condiciones t\u00e9cnicas o de activaci\u00f3n definidas por el proveedor del servicio.<\/p>\n\n\n\n<hr class=\"wp-block-separator has-alpha-channel-opacity\"\/>\n\n\n\n<p><strong>8. COMUNICACI\u00d3N Y ENTREGA DE PREMIOS<\/strong><\/p>\n\n\n\n<ul class=\"wp-block-list\">\n<li>Los ganadores ser\u00e1n seleccionados tras la finalizaci\u00f3n del sorteo.<\/li>\n\n\n\n<li>La comunicaci\u00f3n de los ganadores se realizar\u00e1 <strong>v\u00eda correo electr\u00f3nico<\/strong> a la direcci\u00f3n facilitada durante el registro.<\/li>\n\n\n\n<li>En caso de no poder contactar con un ganador o de que este no cumpla los requisitos, el premio podr\u00e1 ser reasignado.<\/li>\n\n\n\n<li>Para recibir el premio, los ganadores deber\u00e1n acreditar ser mayores de edad.<\/li>\n<\/ul>\n\n\n\n<hr class=\"wp-block-separator has-alpha-channel-opacity\"\/>\n\n\n\n<p><strong>9. RESPONSABILIDAD<\/strong><\/p>\n\n\n\n<p>El Organizador no se hace responsable de:<\/p>\n\n\n\n<ul class=\"wp-block-list\">\n<li>Errores en los datos facilitados por los participantes.<\/li>\n\n\n\n<li>Problemas t\u00e9cnicos que impidan el registro o participaci\u00f3n.<\/li>\n\n\n\n<li>Uso indebido de los premios por parte de los ganadores.<\/li>\n<\/ul>\n\n\n\n<hr class=\"wp-block-separator has-alpha-channel-opacity\"\/>\n\n\n\n<p><strong>10. PROTECCI\u00d3N DE DATOS<\/strong><\/p>\n\n\n\n<ol start=\"1\" class=\"wp-block-list\">\n<li>Los datos personales facilitados por los participantes ser\u00e1n tratados de conformidad con la normativa vigente en materia de protecci\u00f3n de datos.<\/li>\n\n\n\n<li>La participaci\u00f3n en el sorteo implica el <strong>consentimiento expreso<\/strong> del participante para:\n<ul class=\"wp-block-list\">\n<li>El tratamiento de sus datos por parte de XTELLARIS con fines de gesti\u00f3n del sorteo.<\/li>\n\n\n\n<li>La recepci\u00f3n de comunicaciones comerciales, informaci\u00f3n y futuras promociones de XTELLARIS.<\/li>\n<\/ul>\n<\/li>\n\n\n\n<li>Asimismo, el participante acepta que sus datos sean <strong>compartidos con el proyecto IDENQ<\/strong>, con la finalidad de poder gestionar y hacer entrega del regalo garantizado descrito en estas bases.<\/li>\n\n\n\n<li>En este sentido, los datos aportados pasar\u00e1n a ser gestionados conjuntamente por <strong>XTELLARIS e IDENQ<\/strong>, consider\u00e1ndose a efectos del presente sorteo como datos de uso compartido entre ambos proyectos.<\/li>\n<\/ol>\n\n\n\n<hr class=\"wp-block-separator has-alpha-channel-opacity\"\/>\n\n\n\n<p><strong>11. ACEPTACI\u00d3N DE LAS BASES<\/strong><\/p>\n\n\n\n<p>La participaci\u00f3n en el sorteo implica la aceptaci\u00f3n \u00edntegra de las presentes bases legales.<\/p>\n\n\n\n<hr class=\"wp-block-separator has-alpha-channel-opacity\"\/>\n\n\n\n<p><strong>12. MODIFICACIONES<\/strong><\/p>\n\n\n\n<p>El Organizador se reserva el derecho de modificar, suspender o cancelar el sorteo en caso de causa justificada.<\/p>\n\n\n\n<hr class=\"wp-block-separator has-alpha-channel-opacity\"\/>\n\n\n\n<p><strong>13. LEGISLACI\u00d3N APLICABLE<\/strong><\/p>\n\n\n\n<p>El presente sorteo se regir\u00e1 por la legislaci\u00f3n aplicable en la jurisdicci\u00f3n correspondiente al Organizador.<\/p>\n\n\n\n<hr class=\"wp-block-separator has-alpha-channel-opacity\"\/>\n\n\n\n<p><strong>XTELLARIS<\/strong><br>Organizador del Sorteo<\/p>","protected":false},"excerpt":{"rendered":"<p>1. ORGANIZADOR El presente sorteo es organizado por XTELLARIS (en adelante, el \u201cOrganizador\u201d). 2. OBJETO DEL SORTEO El objeto del presente sorteo es la promoci\u00f3n del evento World&hellip;<\/p>","protected":false},"author":1,"featured_media":0,"parent":0,"menu_order":0,"comment_status":"closed","ping_status":"closed","template":"","meta":{"footnotes":""},"class_list":["post-139","page","type-page","status-publish","hentry"],"yoast_head":"<!-- This site is optimized with the Yoast SEO plugin v27.3 - https:\/\/yoast.com\/product\/yoast-seo-wordpress\/ -->\n<title>BASES LEGALES DEL SORTEO \u2013 WORLD CHAIN 2140 - Xtellaris<\/title>\n<meta name=\"robots\" content=\"index, follow, max-snippet:-1, max-image-preview:large, max-video-preview:-1\" \/>\n<link rel=\"canonical\" href=\"https:\/\/xtellaris.com\/es\/bases-legales-del-sorteo-world-chain-2140\/\" \/>\n<meta property=\"og:locale\" content=\"es_ES\" \/>\n<meta property=\"og:type\" content=\"article\" \/>\n<meta property=\"og:title\" content=\"BASES LEGALES DEL SORTEO \u2013 WORLD CHAIN 2140 - Xtellaris\" \/>\n<meta property=\"og:description\" content=\"1. ORGANIZADOR El presente sorteo es organizado por XTELLARIS (en adelante, el \u201cOrganizador\u201d). 2. OBJETO DEL SORTEO El objeto del presente sorteo es la promoci\u00f3n del evento World&hellip;\" \/>\n<meta property=\"og:url\" content=\"https:\/\/xtellaris.com\/es\/bases-legales-del-sorteo-world-chain-2140\/\" \/>\n<meta property=\"og:site_name\" content=\"Xtellaris\" \/>\n<meta name=\"twitter:card\" content=\"summary_large_image\" \/>\n<meta name=\"twitter:label1\" content=\"Tiempo de lectura\" \/>\n\t<meta name=\"twitter:data1\" content=\"3 minutos\" \/>\n<script type=\"application\/ld+json\" class=\"yoast-schema-graph\">{\"@context\":\"https:\\\/\\\/schema.org\",\"@graph\":[{\"@type\":\"WebPage\",\"@id\":\"https:\\\/\\\/xtellaris.com\\\/bases-legales-del-sorteo-world-chain-2140\\\/\",\"url\":\"https:\\\/\\\/xtellaris.com\\\/bases-legales-del-sorteo-world-chain-2140\\\/\",\"name\":\"BASES LEGALES DEL SORTEO \u2013 WORLD CHAIN 2140 - Xtellaris\",\"isPartOf\":{\"@id\":\"https:\\\/\\\/13.37.38.161\\\/#website\"},\"datePublished\":\"2026-03-26T13:58:43+00:00\",\"breadcrumb\":{\"@id\":\"https:\\\/\\\/xtellaris.com\\\/bases-legales-del-sorteo-world-chain-2140\\\/#breadcrumb\"},\"inLanguage\":\"es\",\"potentialAction\":[{\"@type\":\"ReadAction\",\"target\":[\"https:\\\/\\\/xtellaris.com\\\/bases-legales-del-sorteo-world-chain-2140\\\/\"]}]},{\"@type\":\"BreadcrumbList\",\"@id\":\"https:\\\/\\\/xtellaris.com\\\/bases-legales-del-sorteo-world-chain-2140\\\/#breadcrumb\",\"itemListElement\":[{\"@type\":\"ListItem\",\"position\":1,\"name\":\"Home\",\"item\":\"https:\\\/\\\/xtellaris.com\\\/\"},{\"@type\":\"ListItem\",\"position\":2,\"name\":\"BASES LEGALES DEL SORTEO \u2013 WORLD CHAIN 2140\"}]},{\"@type\":\"WebSite\",\"@id\":\"https:\\\/\\\/13.37.38.161\\\/#website\",\"url\":\"https:\\\/\\\/13.37.38.161\\\/\",\"name\":\"Xtellaris\",\"description\":\"Your next experience  starts with a dream\",\"potentialAction\":[{\"@type\":\"SearchAction\",\"target\":{\"@type\":\"EntryPoint\",\"urlTemplate\":\"https:\\\/\\\/13.37.38.161\\\/?s={search_term_string}\"},\"query-input\":{\"@type\":\"PropertyValueSpecification\",\"valueRequired\":true,\"valueName\":\"search_term_string\"}}],\"inLanguage\":\"es\"}]}<\/script>\n<!-- \/ Yoast SEO plugin. -->","yoast_head_json":{"title":"BASES LEGALES DEL SORTEO \u2013 WORLD CHAIN 2140 - Xtellaris","robots":{"index":"index","follow":"follow","max-snippet":"max-snippet:-1","max-image-preview":"max-image-preview:large","max-video-preview":"max-video-preview:-1"},"canonical":"https:\/\/xtellaris.com\/es\/bases-legales-del-sorteo-world-chain-2140\/","og_locale":"es_ES","og_type":"article","og_title":"BASES LEGALES DEL SORTEO \u2013 WORLD CHAIN 2140 - Xtellaris","og_description":"1. ORGANIZADOR El presente sorteo es organizado por XTELLARIS (en adelante, el \u201cOrganizador\u201d). 2. OBJETO DEL SORTEO El objeto del presente sorteo es la promoci\u00f3n del evento World&hellip;","og_url":"https:\/\/xtellaris.com\/es\/bases-legales-del-sorteo-world-chain-2140\/","og_site_name":"Xtellaris","twitter_card":"summary_large_image","twitter_misc":{"Tiempo de lectura":"3 minutos"},"schema":{"@context":"https:\/\/schema.org","@graph":[{"@type":"WebPage","@id":"https:\/\/xtellaris.com\/bases-legales-del-sorteo-world-chain-2140\/","url":"https:\/\/xtellaris.com\/bases-legales-del-sorteo-world-chain-2140\/","name":"BASES LEGALES DEL SORTEO \u2013 WORLD CHAIN 2140 - Xtellaris","isPartOf":{"@id":"https:\/\/13.37.38.161\/#website"},"datePublished":"2026-03-26T13:58:43+00:00","breadcrumb":{"@id":"https:\/\/xtellaris.com\/bases-legales-del-sorteo-world-chain-2140\/#breadcrumb"},"inLanguage":"es","potentialAction":[{"@type":"ReadAction","target":["https:\/\/xtellaris.com\/bases-legales-del-sorteo-world-chain-2140\/"]}]},{"@type":"BreadcrumbList","@id":"https:\/\/xtellaris.com\/bases-legales-del-sorteo-world-chain-2140\/#breadcrumb","itemListElement":[{"@type":"ListItem","position":1,"name":"Home","item":"https:\/\/xtellaris.com\/"},{"@type":"ListItem","position":2,"name":"BASES LEGALES DEL SORTEO \u2013 WORLD CHAIN 2140"}]},{"@type":"WebSite","@id":"https:\/\/13.37.38.161\/#website","url":"https:\/\/13.37.38.161\/","name":"Xtellaris","description":"Your next experience  starts with a dream","potentialAction":[{"@type":"SearchAction","target":{"@type":"EntryPoint","urlTemplate":"https:\/\/13.37.38.161\/?s={search_term_string}"},"query-input":{"@type":"PropertyValueSpecification","valueRequired":true,"valueName":"search_term_string"}}],"inLanguage":"es"}]}},"_links":{"self":[{"href":"https:\/\/xtellaris.com\/es\/wp-json\/wp\/v2\/pages\/139","targetHints":{"allow":["GET"]}}],"collection":[{"href":"https:\/\/xtellaris.com\/es\/wp-json\/wp\/v2\/pages"}],"about":[{"href":"https:\/\/xtellaris.com\/es\/wp-json\/wp\/v2\/types\/page"}],"author":[{"embeddable":true,"href":"https:\/\/xtellaris.com\/es\/wp-json\/wp\/v2\/users\/1"}],"replies":[{"embeddable":true,"href":"https:\/\/xtellaris.com\/es\/wp-json\/wp\/v2\/comments?post=139"}],"version-history":[{"count":1,"href":"https:\/\/xtellaris.com\/es\/wp-json\/wp\/v2\/pages\/139\/revisions"}],"predecessor-version":[{"id":140,"href":"https:\/\/xtellaris.com\/es\/wp-json\/wp\/v2\/pages\/139\/revisions\/140"}],"wp:attachment":[{"href":"https:\/\/xtellaris.com\/es\/wp-json\/wp\/v2\/media?parent=139"}],"curies":[{"name":"wp","href":"https:\/\/api.w.org\/{rel}","templated":true}]}}